{"id":3,"date":"2024-07-13T05:52:23","date_gmt":"2024-07-13T02:52:23","guid":{"rendered":"https:\/\/www.ahubirol.com\/web\/?page_id=3"},"modified":"2024-07-14T23:32:29","modified_gmt":"2024-07-14T20:32:29","slug":"kvkk","status":"publish","type":"page","link":"https:\/\/www.ahubirol.com\/web\/ar\/kvkk\/","title":{"rendered":"KVKK"},"content":{"rendered":"<div data-elementor-type=\"wp-page\" data-elementor-id=\"3\" class=\"elementor elementor-3\">\n\t\t\t\t\t\t<section class=\"elementor-section elementor-top-section elementor-element elementor-element-e5c17b4 pbmit-bg-color-yes pbmit-elementor-bg-color-white elementor-section-full_width pbmit-col-stretched-none pbmit-bg-color-over-image elementor-section-height-default elementor-section-height-default\" data-id=\"e5c17b4\" data-element_type=\"section\">\n\t\t\t\t\t\t<div class=\"elementor-container elementor-column-gap-no\">\n\t\t\t\t\t<div class=\"elementor-column elementor-col-50 elementor-top-column elementor-element elementor-element-2c8b865 pbmit-bg-color-over-image\" data-id=\"2c8b865\" data-element_type=\"column\">\n\t\t\t<div class=\"elementor-widget-wrap elementor-element-populated\">\n\t\t\t\t\t\t<div class=\"elementor-element elementor-element-5cb0c99 elementor-widget elementor-widget-text-editor\" data-id=\"5cb0c99\" data-element_type=\"widget\" data-widget_type=\"text-editor.default\">\n\t\t\t\t<div class=\"elementor-widget-container\">\n\t\t\t\t\t\t\t\t\t<p><strong><span style=\"color: #43106b;\">\u0646\u0635 \u062a\u0648\u0636\u064a\u062d\u064a \u062d\u0648\u0644 \u0642\u0627\u0646\u0648\u0646 \u062d\u0645\u0627\u064a\u0629 \u0627\u0644\u0628\u064a\u0627\u0646\u0627\u062a \u0627\u0644\u0634\u062e\u0635\u064a\u0629<\/span><\/strong><\/p>\n<p><span style=\"color: #000000;\">\u0627\u0644\u0645\u0627\u062f\u0629 10 \u0628\u0639\u0646\u0648\u0627\u0646 \"\u0627\u0644\u062a\u0632\u0627\u0645 \u0627\u0644\u0645\u0639\u0644\u0648\u0645\u0627\u062a \u0644\u0645\u0631\u0627\u0642\u0628 \u0627\u0644\u0628\u064a\u0627\u0646\u0627\u062a\" \u0645\u0646 \u0642\u0627\u0646\u0648\u0646 \u062d\u0645\u0627\u064a\u0629 \u0627\u0644\u0628\u064a\u0627\u0646\u0627\u062a \u0627\u0644\u0634\u062e\u0635\u064a\u0629 \u0631\u0642\u0645 6698 (\"KVKK\")\u060c \u0648\u0627\u0644\u0630\u064a \u064a\u0647\u062f\u0641 \u0625\u0644\u0649 \u062d\u0645\u0627\u064a\u0629 \u0627\u0644\u062d\u0642\u0648\u0642 \u0648\u0627\u0644\u062d\u0631\u064a\u0627\u062a \u0627\u0644\u0623\u0633\u0627\u0633\u064a\u0629 \u0644\u0644\u0623\u0641\u0631\u0627\u062f\u060c \u0648\u062e\u0627\u0635\u0629 \u062e\u0635\u0648\u0635\u064a\u0629 \u0627\u0644\u062d\u064a\u0627\u0629 \u0627\u0644\u062e\u0627\u0635\u0629\u060c \u0641\u064a \u0645\u0639\u0627\u0644\u062c\u0629 \u0627\u0644\u0628\u064a\u0627\u0646\u0627\u062a \u0627\u0644\u0634\u062e\u0635\u064a\u0629 \u0627\u0644\u0628\u064a\u0627\u0646\u0627\u062a \u0648\u0627\u0644\u0628\u064a\u0627\u0646 \u0627\u0644\u062e\u0627\u0635 \u0628\u0627\u0644\u0625\u062c\u0631\u0627\u0621\u0627\u062a \u0648\u0627\u0644\u0645\u0628\u0627\u062f\u0626 \u0627\u0644\u0648\u0627\u062c\u0628 \u0627\u062a\u0628\u0627\u0639\u0647\u0627 \u0644\u0644\u0648\u0641\u0627\u0621 \u0628\u0627\u0644\u062a\u0632\u0627\u0645 \u0627\u0644\u0645\u0639\u0644\u0648\u0645\u0627\u062a. \u0648\u0641\u0642\u064b\u0627 \u0644\u0646\u0635 \u0627\u0644\u0645\u0639\u0644\u0648\u0645\u0627\u062a \u0647\u0630\u0627\u060c \u0645\u0633\u0627\u0639\u062f. \u062f\u0643\u062a\u0648\u0631 \u0646\u0648\u062f \u0623\u0646 \u0646\u0639\u0644\u0645\u0643 \u0628\u0628\u064a\u0627\u0646\u0627\u062a\u0643 \u0627\u0644\u0634\u062e\u0635\u064a\u0629 \u0627\u0644\u062a\u064a \u062a\u062a\u0645 \u0645\u0639\u0627\u0644\u062c\u062a\u0647\u0627 \u0628\u0627\u0633\u0645 Ahu Birol Kocaalp (\"Ahu Birol\" \u0623\u0648 \"\u0627\u0644\u0634\u0631\u0643\u0629\").<\/span><\/p>\n<p><span style=\"color: #000000;\">\u064a\u0631\u062c\u0649 \u062a\u062d\u062f\u064a\u062f \u0645\u062c\u0645\u0648\u0639\u0629 \u0627\u0644\u0623\u0634\u062e\u0627\u0635 \u0627\u0644\u062a\u064a \u062a\u0646\u062a\u0645\u064a \u0625\u0644\u064a\u0647\u0627 \u0644\u0644\u0648\u0635\u0648\u0644 \u0625\u0644\u0649 \u0646\u0635 \u0627\u0644\u062a\u0648\u0636\u064a\u062d:<\/span><\/p>\n<p><span style=\"color: #000000;\">\u25cf\u00a0<em><strong><a style=\"color: #000000;\" href=\"https:\/\/www.ahubirol.com\/web\/wp-content\/uploads\/2024\/07\/Hasta-Danisan-Aydinlatma-Metni.pdf\" target=\"_blank\" rel=\"noopener\">\u0646\u0635 \u0645\u0639\u0644\u0648\u0645\u0627\u062a \u0627\u0644\u0645\u0631\u064a\u0636 (\u0627\u0644\u0639\u0645\u064a\u0644).<\/a><\/strong><\/em><\/span><br \/><span style=\"color: #000000;\">\u25cf\u00a0<em><strong><a style=\"color: #000000;\" href=\"https:\/\/www.ahubirol.com\/web\/wp-content\/uploads\/2024\/07\/Potansiyel-Hasta-Danisan-ve-Ziyaretci-Aydinlatma-Metni.pdf\" target=\"_blank\" rel=\"noopener\">\u0627\u0644\u0645\u0631\u064a\u0636 \u0627\u0644\u0645\u062d\u062a\u0645\u0644 (\u0627\u0644\u0639\u0645\u064a\u0644) \u0648\u0646\u0635 \u0645\u0639\u0644\u0648\u0645\u0627\u062a \u0627\u0644\u0632\u0627\u0626\u0631<\/a><\/strong><\/em><\/span><br \/><span style=\"color: #000000;\">\u25cf<strong><em>\u00a0<a style=\"color: #000000;\" href=\"https:\/\/www.ahubirol.com\/web\/wp-content\/uploads\/2024\/07\/Calisan-Adayi-Aydinlatma-Metni.pdf\" target=\"_blank\" rel=\"noopener\">\u0646\u0635 \u0627\u0644\u0645\u0639\u0644\u0648\u0645\u0627\u062a \u0644\u0644\u0645\u0631\u0634\u062d\u064a\u0646 \u0627\u0644\u0645\u0648\u0638\u0641\u064a\u0646<\/a><\/em><\/strong><\/span><\/p>\n<p><span style=\"color: #993300;\">\u064a\u062a\u0645 \u062a\u0648\u0641\u064a\u0631 \u0627\u0644\u0645\u0639\u0644\u0648\u0645\u0627\u062a \u0627\u0644\u0645\u062a\u0639\u0644\u0642\u0629 \u0628\u0627\u0644\u0628\u064a\u0627\u0646\u0627\u062a \u0627\u0644\u0634\u062e\u0635\u064a\u0629 \u0644\u0645\u0648\u0638\u0641\u064a\u0646\u0627 \u0641\u064a \u0648\u0642\u062a \u0627\u0644\u062a\u0648\u0638\u064a\u0641\u060c \u0639\u0644\u0649 \u0627\u0644\u0644\u0648\u062d\u0627\u062a \u0627\u0644\u0625\u0639\u0644\u0627\u0646\u064a\u0629 \u0641\u064a \u0645\u0643\u0627\u0646 \u0627\u0644\u0639\u0645\u0644 \u0648\u0639\u0628\u0631 \u0627\u0644\u0628\u0631\u064a\u062f \u0627\u0644\u0625\u0644\u0643\u062a\u0631\u0648\u0646\u064a.<\/span><\/p>\t\t\t\t\t\t\t\t<\/div>\n\t\t\t\t<\/div>\n\t\t\t\t\t<\/div>\n\t\t<\/div>\n\t\t\t\t<div class=\"elementor-column elementor-col-50 elementor-top-column elementor-element elementor-element-6ac23ae pbmit-bg-color-over-image\" data-id=\"6ac23ae\" data-element_type=\"column\" data-settings=\"{&quot;background_background&quot;:&quot;classic&quot;}\">\n\t\t\t<div class=\"elementor-widget-wrap\">\n\t\t\t\t\t\t\t<\/div>\n\t\t<\/div>\n\t\t\t\t\t<\/div>\n\t\t<\/section>\n\t\t\t\t<\/div>","protected":false},"excerpt":{"rendered":"<p>K\u0130\u015e\u0130SEL VER\u0130LER\u0130N KORUNMASI KANUNU HAKKINDA AYDINLATMA METN\u0130 Ki\u015fisel verilerin i\u015flenmesinde ba\u015fta \u00f6zel hayat\u0131n gizlili\u011fi olmak \u00fczere ki\u015filerin temel hak ve \u00f6zg\u00fcrl\u00fcklerinin korunmas\u0131n\u0131 ama\u00e7layan 6698 say\u0131l\u0131 Ki\u015fisel Verilerin Korunmas\u0131 Kanunu\u2019nun (\u201cKVKK\u201d) \u201cVeri Sorumlusunun Ayd\u0131nlatma Y\u00fck\u00fcml\u00fcl\u00fc\u011f\u00fc\u201d ba\u015fl\u0131kl\u0131 10. maddesi ile Ayd\u0131nlatma Y\u00fck\u00fcml\u00fcl\u00fc\u011f\u00fcn\u00fcn Yerine Getirilmesinde Uyulacak Usul ve Esaslar Hakk\u0131nda Tebli\u011f uyar\u0131nca i\u015fbu Ayd\u0131nlatma Metni ile Do\u00e7. Dr. [&hellip;]<\/p>","protected":false},"author":1,"featured_media":0,"parent":0,"menu_order":0,"comment_status":"closed","ping_status":"closed","template":"","meta":{"footnotes":""},"class_list":["post-3","page","type-page","status-publish","hentry"],"_links":{"self":[{"href":"https:\/\/www.ahubirol.com\/web\/ar\/wp-json\/wp\/v2\/pages\/3","targetHints":{"allow":["GET"]}}],"collection":[{"href":"https:\/\/www.ahubirol.com\/web\/ar\/wp-json\/wp\/v2\/pages"}],"about":[{"href":"https:\/\/www.ahubirol.com\/web\/ar\/wp-json\/wp\/v2\/types\/page"}],"author":[{"embeddable":true,"href":"https:\/\/www.ahubirol.com\/web\/ar\/wp-json\/wp\/v2\/users\/1"}],"replies":[{"embeddable":true,"href":"https:\/\/www.ahubirol.com\/web\/ar\/wp-json\/wp\/v2\/comments?post=3"}],"version-history":[{"count":0,"href":"https:\/\/www.ahubirol.com\/web\/ar\/wp-json\/wp\/v2\/pages\/3\/revisions"}],"wp:attachment":[{"href":"https:\/\/www.ahubirol.com\/web\/ar\/wp-json\/wp\/v2\/media?parent=3"}],"curies":[{"name":"wp","href":"https:\/\/api.w.org\/{rel}","templated":true}]}}