{"id":73,"date":"2023-09-15T05:02:30","date_gmt":"2023-09-15T05:02:30","guid":{"rendered":"http:\/\/xcare-demo.pbminfotech.com\/demo1\/?page_id=2909"},"modified":"2024-07-20T09:59:54","modified_gmt":"2024-07-20T06:59:54","slug":"iletisim","status":"publish","type":"page","link":"https:\/\/www.ahubirol.com\/web\/ar\/iletisim\/","title":{"rendered":"\u0627\u062a\u0635\u0627\u0644\u0627\u062a"},"content":{"rendered":"<div data-elementor-type=\"wp-page\" data-elementor-id=\"73\" class=\"elementor elementor-73\">\n\t\t\t\t\t\t<section class=\"elementor-section elementor-top-section elementor-element elementor-element-e5f9831 pbmit-bg-color-yes pbmit-elementor-bg-color-white elementor-section-full_width pbmit-col-stretched-none pbmit-bg-color-over-image elementor-section-height-default elementor-section-height-default\" data-id=\"e5f9831\" data-element_type=\"section\">\n\t\t\t\t\t\t<div class=\"elementor-container elementor-column-gap-no\">\n\t\t\t\t\t<div class=\"elementor-column elementor-col-50 elementor-top-column elementor-element elementor-element-a3d95fc pbmit-bg-color-over-image\" data-id=\"a3d95fc\" data-element_type=\"column\">\n\t\t\t<div class=\"elementor-widget-wrap elementor-element-populated\">\n\t\t\t\t\t\t<div class=\"elementor-element elementor-element-f28b10b elementor-widget elementor-widget-pbmit_heading\" data-id=\"f28b10b\" data-element_type=\"widget\" data-widget_type=\"pbmit_heading.default\">\n\t\t\t\t<div class=\"elementor-widget-container\">\n\t\t\t\t\t <div class=\"pbmit-heading-subheading pbmit-heading-subheading-style-1 pbmit-reverse-heading-yes animation-style4\"><h4 class=\"pbmit-element-subtitle\"><span>\r\n\t\t\t\t<\/span>\r\n\t\t\t\t\r\n\t\t\t\t\t\u0645\u0639\u0644\u0648\u0645\u0627\u062a \u0627\u0644\u0627\u062a\u0635\u0627\u0644\r\n\t\t\t\t\r\n\t\t\t\t<\/h4>\r\n\t\t\t<h2 class=\"pbmit-element-title\">\r\n\t\t\t\t\r\n\t\t\t\t\t\u0627\u062a\u0635\u0644 \u0628\u0646\u0627\r\n\t\t\t\t\r\n\t\t\t\t<\/h2>\r\n\t\t\t<\/div>\t\t\t\t<\/div>\n\t\t\t\t<\/div>\n\t\t\t\t<div class=\"elementor-element elementor-element-645c17d elementor-widget elementor-widget-pbmit_icon_heading\" data-id=\"645c17d\" data-element_type=\"widget\" data-widget_type=\"pbmit_icon_heading.default\">\n\t\t\t\t<div class=\"elementor-widget-container\">\n\t\t\t\t\t<div class=\"pbmit-ihbox pbmit-ihbox-style-12\"><div class=\"pbmit-ihbox-box d-flex align-items-center\">\t\r\n\t<div class=\"pbmit-ihbox-icon\"><div class=\"pbmit-ihbox-icon-wrapper pbmit-ihbox-icon-type-image\"><img decoding=\"async\" src=\"https:\/\/www.ahubirol.com\/web\/wp-content\/uploads\/2024\/07\/adres-abk.png\" alt=\"Adres\" \/><\/div><\/div>\t<div class=\"pbmit-ihbox-contents\">\r\n\t\t\t\t<h2 class=\"pbmit-element-title\">\u0639\u0646\u0648\u0627\u0646<\/h2>\t\t\t\t<div class=\"pbmit-heading-desc\">Caddebostan Mh, Ba\u011fdat Caddesi Aliye Han\u0131m Apt, <br>Kavakl\u0131 Sk. No:2 D:3 Kad\u0131k\u00f6y\/\u0130stanbul<\/div>\t\t\t<\/div>\r\n<\/div><\/div>\t\t\t\t<\/div>\n\t\t\t\t<\/div>\n\t\t\t\t<div class=\"elementor-element elementor-element-609d182 elementor-widget elementor-widget-spacer\" data-id=\"609d182\" data-element_type=\"widget\" data-widget_type=\"spacer.default\">\n\t\t\t\t<div class=\"elementor-widget-container\">\n\t\t\t\t\t\t\t<div class=\"elementor-spacer\">\n\t\t\t<div class=\"elementor-spacer-inner\"><\/div>\n\t\t<\/div>\n\t\t\t\t\t\t<\/div>\n\t\t\t\t<\/div>\n\t\t\t\t<div class=\"elementor-element elementor-element-c4f0091 elementor-widget elementor-widget-pbmit_icon_heading\" data-id=\"c4f0091\" data-element_type=\"widget\" data-widget_type=\"pbmit_icon_heading.default\">\n\t\t\t\t<div class=\"elementor-widget-container\">\n\t\t\t\t\t<div class=\"pbmit-ihbox pbmit-ihbox-style-12\"><div class=\"pbmit-ihbox-box d-flex align-items-center\">\t\r\n\t<div class=\"pbmit-ihbox-icon\"><div class=\"pbmit-ihbox-icon-wrapper pbmit-ihbox-icon-type-image\"><img decoding=\"async\" src=\"https:\/\/www.ahubirol.com\/web\/wp-content\/uploads\/2024\/07\/telefon-abk.png\" alt=\"Telefon\" \/><\/div><\/div>\t<div class=\"pbmit-ihbox-contents\">\r\n\t\t\t\t<h2 class=\"pbmit-element-title\">\u0647\u0627\u062a\u0641<\/h2>\t\t\t\t<div class=\"pbmit-heading-desc\"><a href=\"tel:902163501333\">+90 216 350 13 33<\/a><\/div>\t\t\t<\/div>\r\n<\/div><\/div>\t\t\t\t<\/div>\n\t\t\t\t<\/div>\n\t\t\t\t<div class=\"elementor-element elementor-element-62502d3 elementor-widget elementor-widget-spacer\" data-id=\"62502d3\" data-element_type=\"widget\" data-widget_type=\"spacer.default\">\n\t\t\t\t<div class=\"elementor-widget-container\">\n\t\t\t\t\t\t\t<div class=\"elementor-spacer\">\n\t\t\t<div class=\"elementor-spacer-inner\"><\/div>\n\t\t<\/div>\n\t\t\t\t\t\t<\/div>\n\t\t\t\t<\/div>\n\t\t\t\t<div class=\"elementor-element elementor-element-bf2e0dc elementor-widget elementor-widget-pbmit_icon_heading\" data-id=\"bf2e0dc\" data-element_type=\"widget\" data-widget_type=\"pbmit_icon_heading.default\">\n\t\t\t\t<div class=\"elementor-widget-container\">\n\t\t\t\t\t<div class=\"pbmit-ihbox pbmit-ihbox-style-12\"><div class=\"pbmit-ihbox-box d-flex align-items-center\">\t\r\n\t<div class=\"pbmit-ihbox-icon\"><div class=\"pbmit-ihbox-icon-wrapper pbmit-ihbox-icon-type-image\"><img decoding=\"async\" src=\"https:\/\/www.ahubirol.com\/web\/wp-content\/uploads\/2024\/07\/whatsapp-abk.png\" alt=\"Whatsapp\" \/><\/div><\/div>\t<div class=\"pbmit-ihbox-contents\">\r\n\t\t\t\t<h2 class=\"pbmit-element-title\">Whatsapp<\/h2>\t\t\t\t<div class=\"pbmit-heading-desc\"><a href=\"https:\/\/wa.me\/905340888494\" target=\"_blank\" rel=\"noopener\"> +90 534 088 84 94<\/a><\/div>\t\t\t<\/div>\r\n<\/div><\/div>\t\t\t\t<\/div>\n\t\t\t\t<\/div>\n\t\t\t\t<div class=\"elementor-element elementor-element-468c56a elementor-widget elementor-widget-spacer\" data-id=\"468c56a\" data-element_type=\"widget\" data-widget_type=\"spacer.default\">\n\t\t\t\t<div class=\"elementor-widget-container\">\n\t\t\t\t\t\t\t<div class=\"elementor-spacer\">\n\t\t\t<div class=\"elementor-spacer-inner\"><\/div>\n\t\t<\/div>\n\t\t\t\t\t\t<\/div>\n\t\t\t\t<\/div>\n\t\t\t\t<div class=\"elementor-element elementor-element-7a24f0e elementor-widget elementor-widget-pbmit_icon_heading\" data-id=\"7a24f0e\" data-element_type=\"widget\" data-widget_type=\"pbmit_icon_heading.default\">\n\t\t\t\t<div class=\"elementor-widget-container\">\n\t\t\t\t\t<div class=\"pbmit-ihbox pbmit-ihbox-style-12\"><div class=\"pbmit-ihbox-box d-flex align-items-center\">\t\r\n\t<div class=\"pbmit-ihbox-icon\"><div class=\"pbmit-ihbox-icon-wrapper pbmit-ihbox-icon-type-image\"><img decoding=\"async\" src=\"https:\/\/www.ahubirol.com\/web\/wp-content\/uploads\/2024\/07\/mail-abk.png\" alt=\"E Mail\" \/><\/div><\/div>\t<div class=\"pbmit-ihbox-contents\">\r\n\t\t\t\t<h2 class=\"pbmit-element-title\">\u0628\u0631\u064a\u062f \u0625\u0644\u0643\u062a\u0631\u0648\u0646\u064a<\/h2>\t\t\t\t<div class=\"pbmit-heading-desc\"><a href=\"mailto:info@ahubirol.com\">info@ahubirol.com<\/a><\/div>\t\t\t<\/div>\r\n<\/div><\/div>\t\t\t\t<\/div>\n\t\t\t\t<\/div>\n\t\t\t\t<div class=\"elementor-element elementor-element-00d585b elementor-widget elementor-widget-spacer\" data-id=\"00d585b\" data-element_type=\"widget\" data-widget_type=\"spacer.default\">\n\t\t\t\t<div class=\"elementor-widget-container\">\n\t\t\t\t\t\t\t<div class=\"elementor-spacer\">\n\t\t\t<div class=\"elementor-spacer-inner\"><\/div>\n\t\t<\/div>\n\t\t\t\t\t\t<\/div>\n\t\t\t\t<\/div>\n\t\t\t\t\t<\/div>\n\t\t<\/div>\n\t\t\t\t<div class=\"elementor-column elementor-col-50 elementor-top-column elementor-element elementor-element-1a4b740 pbmit-bg-image-over-color\" data-id=\"1a4b740\" data-element_type=\"column\">\n\t\t\t<div class=\"elementor-widget-wrap elementor-element-populated\">\n\t\t\t\t\t\t<div class=\"elementor-element elementor-element-7fcbe6f elementor-widget elementor-widget-html\" data-id=\"7fcbe6f\" data-element_type=\"widget\" data-widget_type=\"html.default\">\n\t\t\t\t<div class=\"elementor-widget-container\">\n\t\t\t\t\t<iframe src=\"https:\/\/www.google.com\/maps\/embed?pb=!1m14!1m8!1m3!1d8520.321994712278!2d29.054946380818993!3d40.972968013997466!3m2!1i1024!2i768!4f13.1!3m3!1m2!1s0x14cab9fbefbc47d5%3A0x6f8de9b6ce43c830!2sDermatolog%20Do%C3%A7.%20Dr.%20Ahu%20Birol%20Kocaalp%20%7C%20Buz%20Lazer%20Epilasyon%2C%20Sel%C3%BClit%20Tedavisi%2C%20B%C3%B6lgesel%20Zay%C4%B1flama%2C%20Sa%C3%A7%20D%C3%B6k%C3%BClmesi!5e0!3m2!1str!2str!4v1720411434986!5m2!1str!2str\" width=\"600\" height=\"538\" style=\"border:0;border-radius: 20px;\" allowfullscreen=\"\" loading=\"lazy\" referrerpolicy=\"no-referrer-when-downgrade\"><\/iframe>\t\t\t\t<\/div>\n\t\t\t\t<\/div>\n\t\t\t\t<div class=\"elementor-element elementor-element-f12be99 elementor-widget elementor-widget-spacer\" data-id=\"f12be99\" data-element_type=\"widget\" data-widget_type=\"spacer.default\">\n\t\t\t\t<div class=\"elementor-widget-container\">\n\t\t\t\t\t\t\t<div class=\"elementor-spacer\">\n\t\t\t<div class=\"elementor-spacer-inner\"><\/div>\n\t\t<\/div>\n\t\t\t\t\t\t<\/div>\n\t\t\t\t<\/div>\n\t\t\t\t\t<\/div>\n\t\t<\/div>\n\t\t\t\t\t<\/div>\n\t\t<\/section>\n\t\t\t\t<\/div>","protected":false},"excerpt":{"rendered":"<p>\u0130leti\u015fim Bilgileri Bize Ula\u015f\u0131n Adres Caddebostan Mh, Ba\u011fdat Caddesi Aliye Han\u0131m Apt, Kavakl\u0131 Sk. No:2 D:3 Kad\u0131k\u00f6y\/\u0130stanbul Telefon +90 216 350 13 33 Whatsapp +90 534 088 84 94 E Mail info@ahubirol.com<\/p>","protected":false},"author":1,"featured_media":0,"parent":0,"menu_order":35,"comment_status":"closed","ping_status":"closed","template":"","meta":{"footnotes":""},"class_list":["post-73","page","type-page","status-publish","hentry"],"_links":{"self":[{"href":"https:\/\/www.ahubirol.com\/web\/ar\/wp-json\/wp\/v2\/pages\/73","targetHints":{"allow":["GET"]}}],"collection":[{"href":"https:\/\/www.ahubirol.com\/web\/ar\/wp-json\/wp\/v2\/pages"}],"about":[{"href":"https:\/\/www.ahubirol.com\/web\/ar\/wp-json\/wp\/v2\/types\/page"}],"author":[{"embeddable":true,"href":"https:\/\/www.ahubirol.com\/web\/ar\/wp-json\/wp\/v2\/users\/1"}],"replies":[{"embeddable":true,"href":"https:\/\/www.ahubirol.com\/web\/ar\/wp-json\/wp\/v2\/comments?post=73"}],"version-history":[{"count":0,"href":"https:\/\/www.ahubirol.com\/web\/ar\/wp-json\/wp\/v2\/pages\/73\/revisions"}],"wp:attachment":[{"href":"https:\/\/www.ahubirol.com\/web\/ar\/wp-json\/wp\/v2\/media?parent=73"}],"curies":[{"name":"wp","href":"https:\/\/api.w.org\/{rel}","templated":true}]}}