{"id":72,"date":"2023-09-26T09:45:01","date_gmt":"2023-09-26T09:45:01","guid":{"rendered":"http:\/\/xcare-demo.pbminfotech.com\/demo1\/?page_id=4402"},"modified":"2025-11-14T13:01:30","modified_gmt":"2025-11-14T10:01:30","slug":"hakkimda","status":"publish","type":"page","link":"https:\/\/www.ahubirol.com\/web\/en\/hakkimda\/","title":{"rendered":"About Me"},"content":{"rendered":"<div data-elementor-type=\"wp-page\" data-elementor-id=\"72\" class=\"elementor elementor-72\">\n\t\t\t\t\t\t<section class=\"elementor-section elementor-top-section elementor-element elementor-element-1b7a60e pbmit-col-stretched-none pbmit-bg-color-over-image elementor-section-boxed elementor-section-height-default elementor-section-height-default\" data-id=\"1b7a60e\" data-element_type=\"section\">\n\t\t\t\t\t\t<div class=\"elementor-container elementor-column-gap-default\">\n\t\t\t\t\t<div class=\"elementor-column elementor-col-100 elementor-top-column elementor-element elementor-element-25883ba pbmit-bg-color-over-image\" data-id=\"25883ba\" data-element_type=\"column\">\n\t\t\t<div class=\"elementor-widget-wrap elementor-element-populated\">\n\t\t\t\t\t\t<div class=\"elementor-element elementor-element-c48127b elementor-widget elementor-widget-html\" data-id=\"c48127b\" data-element_type=\"widget\" data-widget_type=\"html.default\">\n\t\t\t\t<div class=\"elementor-widget-container\">\n\t\t\t\t\t<style>\n    .pbmit-ihbox-style-24 .pbmit-ihbox-icon-wrapper, .pbmit-ihbox-style-24 .pbmit-ihbox-svg-wrapper {\n    background-color: #94A7AE;\n}\n<\/style>\t\t\t\t<\/div>\n\t\t\t\t<\/div>\n\t\t\t\t\t<\/div>\n\t\t<\/div>\n\t\t\t\t\t<\/div>\n\t\t<\/section>\n\t\t\t\t<section class=\"elementor-section elementor-top-section elementor-element elementor-element-6b7514b pbmit-bg-color-yes pbmit-elementor-bg-color-white elementor-section-full_width pbmit-col-stretched-none pbmit-bg-color-over-image elementor-section-height-default elementor-section-height-default\" data-id=\"6b7514b\" data-element_type=\"section\">\n\t\t\t\t\t\t<div class=\"elementor-container elementor-column-gap-no\">\n\t\t\t\t\t<div class=\"elementor-column elementor-col-50 elementor-top-column elementor-element elementor-element-64d4987 pbmit-bg-color-over-image\" data-id=\"64d4987\" data-element_type=\"column\" data-settings=\"{&quot;background_background&quot;:&quot;classic&quot;}\">\n\t\t\t<div class=\"elementor-widget-wrap elementor-element-populated\">\n\t\t\t\t\t\t<div class=\"elementor-element elementor-element-b918396 elementor-widget elementor-widget-spacer\" data-id=\"b918396\" data-element_type=\"widget\" data-widget_type=\"spacer.default\">\n\t\t\t\t<div class=\"elementor-widget-container\">\n\t\t\t\t\t\t\t<div class=\"elementor-spacer\">\n\t\t\t<div class=\"elementor-spacer-inner\"><\/div>\n\t\t<\/div>\n\t\t\t\t\t\t<\/div>\n\t\t\t\t<\/div>\n\t\t\t\t\t<\/div>\n\t\t<\/div>\n\t\t\t\t<div class=\"elementor-column elementor-col-50 elementor-top-column elementor-element elementor-element-5bd8db0 pbmit-bg-color-over-image\" data-id=\"5bd8db0\" data-element_type=\"column\">\n\t\t\t<div class=\"elementor-widget-wrap elementor-element-populated\">\n\t\t\t\t\t\t<div class=\"elementor-element elementor-element-787d6b3 elementor-widget elementor-widget-pbmit_heading\" data-id=\"787d6b3\" data-element_type=\"widget\" data-widget_type=\"pbmit_heading.default\">\n\t\t\t\t<div class=\"elementor-widget-container\">\n\t\t\t\t\t <div class=\"pbmit-heading-subheading pbmit-heading-subheading-style-1 pbmit-reverse-heading-yes animation-style4\"><h4 class=\"pbmit-element-subtitle\"><span>\r\n\t\t\t\t<\/span>\r\n\t\t\t\t\r\n\t\t\t\t\tDERMATOLOGIST\r\n\t\t\t\t\r\n\t\t\t\t<\/h4>\r\n\t\t\t<h2 class=\"pbmit-element-title\">\r\n\t\t\t\t\r\n\t\t\t\t\tAssoc. Dr. Ahu Birol Kocaalp\n\r\n\t\t\t\t\r\n\t\t\t\t<\/h2>\r\n\t\t\t<div class=\"pbmit-heading-desc\">Having graduated from Hacettepe University Faculty of Medicine in 1990, She received Dermatology Speciality Training from Ankara University and Associate Professorship title from K\u0131r\u0131kkale University in 2005. Following the completion of her education, she worked in Turkey\u2019s leading healthcare organizations such as Ac\u0131badem and Memorial. In her clinic opened in September 2018, she offers service to you, our valued customers and patients.\n\n<\/div><\/div>\t\t\t\t<\/div>\n\t\t\t\t<\/div>\n\t\t\t\t<div class=\"elementor-element elementor-element-ce1b9e1 elementor-widget elementor-widget-pbmit_icon_heading\" data-id=\"ce1b9e1\" data-element_type=\"widget\" data-widget_type=\"pbmit_icon_heading.default\">\n\t\t\t\t<div class=\"elementor-widget-container\">\n\t\t\t\t\t<div class=\"pbmit-ihbox pbmit-ihbox-style-24\"><div class=\"pbmit-ihbox-box d-flex\">\t\r\n\t<div class=\"pbmit-ihbox-icon\"><div class=\"pbmit-ihbox-icon-wrapper pbmit-ihbox-icon-type-icon\"><div class=\"pbmit-icon-wrapper pbmit-icon-type-icon\"><i class=\"mdi mdi-school\"><\/i><\/div><\/div><\/div>\t<div class=\"pbmit-ihbox-contents\">\r\n\t\t\t\t<h2 class=\"pbmit-element-title\">Educational Background\n<\/h2>\t\t\t\t<div class=\"pbmit-heading-desc\">1990 HACETTEPE UNIVERSITY FACULTY OF MEDICINE, Doctor of Medicine<br>\n1996 ANKARA UNIVERSITY FACULTY OF MEDICINE, Dermatology Specialist Education<br>\n2000 KIRIKKALE UNIVERSITY FACULTY OF MEDICINE, Assistant Professor<br>\n2005 KIRIKKALE UNIVERSITY FACULTY OF MEDICINE, Associate Professor<br><\/div>\t\t\t<\/div>\r\n<\/div><\/div>\t\t\t\t<\/div>\n\t\t\t\t<\/div>\n\t\t\t\t<div class=\"elementor-element elementor-element-61cc593 elementor-widget elementor-widget-pbmit_icon_heading\" data-id=\"61cc593\" data-element_type=\"widget\" data-widget_type=\"pbmit_icon_heading.default\">\n\t\t\t\t<div class=\"elementor-widget-container\">\n\t\t\t\t\t<div class=\"pbmit-ihbox pbmit-ihbox-style-24\"><div class=\"pbmit-ihbox-box d-flex\">\t\r\n\t<div class=\"pbmit-ihbox-icon\"><div class=\"pbmit-ihbox-icon-wrapper pbmit-ihbox-icon-type-icon\"><div class=\"pbmit-icon-wrapper pbmit-icon-type-icon\"><svg class=\"e-font-icon-svg e-far-address-book\" viewbox=\"0 0 448 512\" xmlns=\"http:\/\/www.w3.org\/2000\/svg\"><path d=\"M436 160c6.6 0 12-5.4 12-12v-40c0-6.6-5.4-12-12-12h-20V48c0-26.5-21.5-48-48-48H48C21.5 0 0 21.5 0 48v416c0 26.5 21.5 48 48 48h320c26.5 0 48-21.5 48-48v-48h20c6.6 0 12-5.4 12-12v-40c0-6.6-5.4-12-12-12h-20v-64h20c6.6 0 12-5.4 12-12v-40c0-6.6-5.4-12-12-12h-20v-64h20zm-68 304H48V48h320v416zM208 256c35.3 0 64-28.7 64-64s-28.7-64-64-64-64 28.7-64 64 28.7 64 64 64zm-89.6 128h179.2c12.4 0 22.4-8.6 22.4-19.2v-19.2c0-31.8-30.1-57.6-67.2-57.6-10.8 0-18.7 8-44.8 8-26.9 0-33.4-8-44.8-8-37.1 0-67.2 25.8-67.2 57.6v19.2c0 10.6 10 19.2 22.4 19.2z\"><\/path><\/svg><\/div><\/div><\/div>\t<div class=\"pbmit-ihbox-contents\">\r\n\t\t\t\t<h2 class=\"pbmit-element-title\">Certificates of Training<\/h2>\t\t\t\t<div class=\"pbmit-heading-desc\">1996 Educational Commission for Foreign Medical Graduates (ECFMG) Certificate<\/div>\t\t\t<\/div>\r\n<\/div><\/div>\t\t\t\t<\/div>\n\t\t\t\t<\/div>\n\t\t\t\t<div class=\"elementor-element elementor-element-e2a5011 elementor-widget elementor-widget-pbmit_icon_heading\" data-id=\"e2a5011\" data-element_type=\"widget\" data-widget_type=\"pbmit_icon_heading.default\">\n\t\t\t\t<div class=\"elementor-widget-container\">\n\t\t\t\t\t<div class=\"pbmit-ihbox pbmit-ihbox-style-24\"><div class=\"pbmit-ihbox-box d-flex\">\t\r\n\t<div class=\"pbmit-ihbox-icon\"><div class=\"pbmit-ihbox-icon-wrapper pbmit-ihbox-icon-type-icon\"><div class=\"pbmit-icon-wrapper pbmit-icon-type-icon\"><i class=\"pbmit-xcare-icon pbmit-xcare-icon-medicine-1\"><\/i><\/div><\/div><\/div>\t<div class=\"pbmit-ihbox-contents\">\r\n\t\t\t\t<h2 class=\"pbmit-element-title\">Business Experience<\/h2>\t\t\t\t<div class=\"pbmit-heading-desc\">2006-2010 Ac\u0131badem Health Group \u2013 Istanbul<br>\n2010-2017 Memorial Hospital- Istanbul<br>\n2018 September, Clinic<br>\nAnkara Association of Dermatological and Venereal Diseases<br>\nTurkish Association of Dermatology<br>\nAnti-Leprosy Association<br><\/div>\t\t\t<\/div>\r\n<\/div><\/div>\t\t\t\t<\/div>\n\t\t\t\t<\/div>\n\t\t\t\t<div class=\"elementor-element elementor-element-22ec30e elementor-widget elementor-widget-pbmit_icon_heading\" data-id=\"22ec30e\" data-element_type=\"widget\" data-widget_type=\"pbmit_icon_heading.default\">\n\t\t\t\t<div class=\"elementor-widget-container\">\n\t\t\t\t\t<div class=\"pbmit-ihbox pbmit-ihbox-style-24\"><div class=\"pbmit-ihbox-box d-flex\">\t\r\n\t<div class=\"pbmit-ihbox-icon\"><div class=\"pbmit-ihbox-icon-wrapper pbmit-ihbox-icon-type-icon\"><div class=\"pbmit-icon-wrapper pbmit-icon-type-icon\"><svg class=\"e-font-icon-svg e-fas-network-wired\" viewbox=\"0 0 640 512\" xmlns=\"http:\/\/www.w3.org\/2000\/svg\"><path d=\"M640 264v-16c0-8.84-7.16-16-16-16H344v-40h72c17.67 0 32-14.33 32-32V32c0-17.67-14.33-32-32-32H224c-17.67 0-32 14.33-32 32v128c0 17.67 14.33 32 32 32h72v40H16c-8.84 0-16 7.16-16 16v16c0 8.84 7.16 16 16 16h104v40H64c-17.67 0-32 14.33-32 32v128c0 17.67 14.33 32 32 32h160c17.67 0 32-14.33 32-32V352c0-17.67-14.33-32-32-32h-56v-40h304v40h-56c-17.67 0-32 14.33-32 32v128c0 17.67 14.33 32 32 32h160c17.67 0 32-14.33 32-32V352c0-17.67-14.33-32-32-32h-56v-40h104c8.84 0 16-7.16 16-16zM256 128V64h128v64H256zm-64 320H96v-64h96v64zm352 0h-96v-64h96v64z\"><\/path><\/svg><\/div><\/div><\/div>\t<div class=\"pbmit-ihbox-contents\">\r\n\t\t\t\t<h2 class=\"pbmit-element-title\">Courses and Seminars<\/h2>\t\t\t\t<div class=\"pbmit-heading-desc\">Case Western Reserve University, Department of Dermatology Research Assistant, 2002 (6 month), Cleveland \/ USA\nMedical Publications<\/div>\t\t\t<\/div>\r\n<\/div><\/div>\t\t\t\t<\/div>\n\t\t\t\t<\/div>\n\t\t\t\t<div class=\"elementor-element elementor-element-c701620 elementor-widget elementor-widget-pbmit_icon_heading\" data-id=\"c701620\" data-element_type=\"widget\" data-widget_type=\"pbmit_icon_heading.default\">\n\t\t\t\t<div class=\"elementor-widget-container\">\n\t\t\t\t\t<div class=\"pbmit-ihbox pbmit-ihbox-style-24\"><div class=\"pbmit-ihbox-box d-flex\">\t\r\n\t<div class=\"pbmit-ihbox-icon\"><div class=\"pbmit-ihbox-icon-wrapper pbmit-ihbox-icon-type-icon\"><div class=\"pbmit-icon-wrapper pbmit-icon-type-icon\"><i class=\"pbmit-xcare-icon pbmit-xcare-icon-avatar\"><\/i><\/div><\/div><\/div>\t<div class=\"pbmit-ihbox-contents\">\r\n\t\t\t\t<h2 class=\"pbmit-element-title\">Private Data<\/h2>\t\t\t\t<div class=\"pbmit-heading-desc\">She can speak English and likes to play piano.\nShe likes cats very much.<\/div>\t\t\t<\/div>\r\n<\/div><\/div>\t\t\t\t<\/div>\n\t\t\t\t<\/div>\n\t\t\t\t\t<\/div>\n\t\t<\/div>\n\t\t\t\t\t<\/div>\n\t\t<\/section>\n\t\t\t\t<section class=\"elementor-section elementor-top-section elementor-element elementor-element-e6a84b2 pbmit-bg-color-yes pbmit-elementor-bg-color-white elementor-section-full_width pbmit-col-stretched-none pbmit-bg-color-over-image elementor-section-height-default elementor-section-height-default\" data-id=\"e6a84b2\" data-element_type=\"section\">\n\t\t\t\t\t\t<div class=\"elementor-container elementor-column-gap-no\">\n\t\t\t\t\t<div class=\"elementor-column elementor-col-100 elementor-top-column elementor-element elementor-element-cf4b50c pbmit-bg-color-over-image\" data-id=\"cf4b50c\" data-element_type=\"column\">\n\t\t\t<div class=\"elementor-widget-wrap elementor-element-populated\">\n\t\t\t\t\t\t<div class=\"elementor-element elementor-element-2a048bf elementor-tabs-alignment-stretch elementor-tabs-view-horizontal elementor-widget elementor-widget-tabs\" data-id=\"2a048bf\" data-element_type=\"widget\" data-widget_type=\"tabs.default\">\n\t\t\t\t<div class=\"elementor-widget-container\">\n\t\t\t\t\t\t\t<div class=\"elementor-tabs\">\n\t\t\t<div class=\"elementor-tabs-wrapper\" role=\"tablist\" >\n\t\t\t\t\t\t\t\t\t<div id=\"elementor-tab-title-4401\" class=\"elementor-tab-title elementor-tab-desktop-title\" aria-selected=\"true\" data-tab=\"1\" role=\"tab\" tabindex=\"0\" aria-controls=\"elementor-tab-content-4401\" aria-expanded=\"false\">ARTICLES PUBLISHED IN INTERNATIONAL REFEREED JOURNALS:<\/div>\n\t\t\t\t\t\t\t\t\t<div id=\"elementor-tab-title-4402\" class=\"elementor-tab-title elementor-tab-desktop-title\" aria-selected=\"false\" data-tab=\"2\" role=\"tab\" tabindex=\"-1\" aria-controls=\"elementor-tab-content-4402\" aria-expanded=\"false\">CONFERENCE AND PANEL SPEECHES<\/div>\n\t\t\t\t\t\t\t<\/div>\n\t\t\t<div class=\"elementor-tabs-content-wrapper\" role=\"tablist\" aria-orientation=\"vertical\">\n\t\t\t\t\t\t\t\t\t<div class=\"elementor-tab-title elementor-tab-mobile-title\" aria-selected=\"true\" data-tab=\"1\" role=\"tab\" tabindex=\"0\" aria-controls=\"elementor-tab-content-4401\" aria-expanded=\"false\">ARTICLES PUBLISHED IN INTERNATIONAL REFEREED JOURNALS:<\/div>\n\t\t\t\t\t<div id=\"elementor-tab-content-4401\" class=\"elementor-tab-content elementor-clearfix\" data-tab=\"1\" role=\"tabpanel\" aria-labelledby=\"elementor-tab-title-4401\" tabindex=\"0\" hidden=\"false\"><p><span style=\"color: #000000;\">Boyvat A, H. Erdi, A. Birol, E. G\u00fcrgey. Interaction of commonly used emmolients with photochemotherapy. Photodermatol Photoimmunol &amp; Photomed 2000;16: 156-60<\/span><\/p><p><span style=\"color: #000000;\">Birol A, R.Anadolu, H. Tutkak, E. G\u00fcrgey. HLA Class I and Class II antigens in Turkish patients with pemphigus. Int J Dermatol 2002; 41: 79-83<\/span><\/p><p><span style=\"color: #000000;\">Bozdo\u011fan \u00d6, E. Erkek, P. Atasoy, M. Ko\u00e7ak, A. Birol, \u00c7aydere M. Bcl-2-related proteins, alpha-smooth muscle actin and amyloid deposits in aggressive and non-aggressive basal cell carcinomas. Acta Derm Venereol 2002; 82: 423-7.<\/span><\/p><p><span style=\"color: #000000;\">Stevens SR, M.S. Ke, A. Birol, M.H. Terhune, E.J. Parry, C. Ross, E.N. Mostow, A.C. Gilliam, K.D. Cooper. A simple clinical scoring system to improve the sensitivity and standardization of the diagnosis of mycosis fungoides type cutaneous T-cell lymphoma: <\/span><span style=\"color: #000000;\">Ko\u00e7ak M, \u00d6. Bozdo\u011fan, E. Erkek, P. Atasoy, A. Birol. Examination of Bcl-2, Bcl-x and bax protein expression in psoriasis. Int J Dermatol 2003; 42: 789-93.<\/span><\/p><p><span style=\"color: #000000;\">\u00d6zta\u015f MO, E. \u00c7al\u0131ko\u011flu, K. Baz, A. Birol, M. \u00d6nder, T. \u00c7al\u0131ko\u011flu, M.T. Kitapc\u0131. Reliability of Web-based teledermatology consultations. J Telemed Telecare 2004; 10: 25-8.<\/span><\/p><p><span style=\"color: #000000;\">Birol A, S. Ulkatan, M. Ko\u00e7ak, E. Erkek. Peripheral neuropathy in Behcet`s disease. J Dermatol 2004 Jun;31(6):455-9.<\/span><\/p><p><span style=\"color: #000000;\">Anadolu R, T. \u015een, N. Tar\u0131mc\u0131, A. Birol, C.Erdem. Improved efficacy and tolerability of retinoic acid in acne vulgaris: A new topical formulation with cyclodextrin complex. J Eur Acad Dermatol Venerol 2004 Jul;18(4):416-21.<\/span><\/p><p><span style=\"color: #000000;\">Anadolu R, A. Birol, H. \u015eanl\u0131, C. Erdem, \u00dc. T\u00fcrsen. MYCOSIS FUNGOIDES and SEZARY SYNDROME: Therapeutic approach and outcome in 113 patients. Int J Dermatol 2005 Jul;44(7):559-65.<\/span><\/p><p><span style=\"color: #000000;\">Birol A, Kisa U, Kurtipek GS, Kara F, Kocak M, Erkek E, Caglayan O.Increased tumor necrosis factor alpha (TNF-alpha) and interleukin 1 alpha (IL1-alpha) levels in the lesional skin of patients with nonsegmental vitiligo. Int J Dermatol. 2006 Aug;45(8):992<\/span><\/p><p><span style=\"color: #000000;\">Erberk-Ozen N, Birol A, Boratav C, Kocak M. Executive dysfunctions and depression in Beh\u00e7et\u2019s disease without explicit neurological involvement. Psychiatry Clin Neurosci. 2006 Aug;60(4):465-72.<\/span><\/p><p><span style=\"color: #000000;\">Arikan OK, Birol A, Tuncez F, Erkek E, Koc C. A prospective randomized controlled trial to determine if cryotherapy can reduce the pain of patients with minor form of recurrent aphthous stomatitis. Oral Surg Oral Med Oral Pathol Oral Radiol Endod. 2006 Ja<\/span><\/p><p><span style=\"color: #000000;\">Muluk NB, Birol A. Effects of Beh\u00e7et\u2019s disease on hearing thresholds and transient evoked otoacoustic emissions. J Otolaryngol. 2007 Aug;36(4):220-6.<\/span><\/p><p><span style=\"color: #000000;\">Anadolu R, A. Birol, S. Bostanc\u0131, A. Boyvat. A case of pemphigus vulgaris possibly induced by quinolones. J Eur Acad Dermatol Venerol 2002; 16: 152-3.<\/span><\/p><p><span style=\"color: #000000;\">Ko\u00e7ak M, A. Birol, E. Erkek, \u00d6. Bozdo\u011fan, P. Atasoy. Juvenile Subcorneal Pustular Dermatosis: A Case Report. Ped Dermatol 2003; 20: 57-9.<\/span><\/p><p><span style=\"color: #000000;\">\u015eanl\u0131 H, R. Anadolu, M. Arat, P. Ekmek\u00e7i, A. Birol, C. Erdem, H. Ko\u00e7. Dermatomal lichenoid graft versus host disease within herpes zoster scars. Int J Dermatol 2003; 42: 562-4.<\/span><\/p><p><span style=\"color: #000000;\">Birol A, G. Bademci. Faun tail: Diagnosis of occult spinal dysraphism with a rare cutaneous marker. J Dermatol 2004; 31: 251-2.<\/span><\/p><p><span style=\"color: #000000;\">Birol A, E. Erkek, \u00d6. Bozdo\u011fan, M. Ko\u00e7ak, P. Atasoy. A case of porokeratotic eccrine ostial and dermal duct naevus of late onset. J Eur Acad Dermatol Venerol 2004 Sep;18(5):619-21<\/span><\/p><p><span style=\"color: #000000;\">Birol A, E. Erkek, G.S. Kurtipek, M. Ko\u00e7ak. Keloid secondary to therapeutic cupping: An unusual complication. J Eur Acad Dermatol Venerol 2005 Jul;19(4):507<\/span><\/p><p><span style=\"color: #000000;\">Kara M, E. Dikmen, C. Akarsu, A. Birol. Unilateral hyperhidrosis in Pourfour du Petit syndrome. Eur J Cardiothorac Surg 2004 Aug;26(2):456-8.<\/span><\/p><p><span style=\"color: #000000;\">Birol A, Bozdogan O, Kele\u015f H, Kazkayasi M, Bagci Y, Kara S, Ko\u00e7ak M. Kimura\u2019s disease in a Caucasian male treated with cyclosporine.Int J Dermatol. 2005 Dec;44(12):1059-60.<\/span><\/p><p><span style=\"color: #000000;\">Kundak\u00e7\u0131 N, A. Akyol, A. Birol, P. Ekmek\u00e7i, Y. Peksar\u0131, E. G\u00fcrgey. Palmoplantar psoriasis vulgaris, p\u00fcst\u00fcler psoriasis ve kontakt dermatit tedavisinde banyo puva tedavisinin etkinli\u011fi. Lep Mec 2001; 32: 29-36<\/span><\/p><p><span style=\"color: #000000;\">Birol A, E. Erkek, F. Tun\u00e7ez, G.S. Kurtipek, Y. Ba\u011fc\u0131, M. Ko\u00e7ak. The efficacy of intermittant low-dose systemic corticosteroid in the treatment of alopecia areata. Turk J Med Sci 2004; 34: 55-8.<\/span><\/p><p><span style=\"color: #000000;\">Birol A, Kundak\u00e7\u0131 N. Lepra tedavisinde yenilikler. Lepr Mec 1998; 94-108<\/span><\/p><p><span style=\"color: #000000;\">Birol A, Anadolu RY. Alfahidroksiasitlerin dermatolojide kullanimi. T Klin Kozmetoloji 1999; 2: 37-42<\/span><\/p><p><span style=\"color: #000000;\">Birol A, Bostanc\u0131 S. Yumusak doku artt\u0131r\u0131m teknikleri. T Klin Dermatoloji 1999; 9: 112-20<\/span><\/p><p><span style=\"color: #000000;\">Birol A, Kundak\u00e7\u0131 N. Fotodinamik tedavi. T Klin Dermatoloji 2000; 10: 222-8<\/span><\/p><p><span style=\"color: #000000;\">BirolA, Bostanc\u0131 S. G\u00fcn\u00fcm\u00fczde radyoterapinin dermatolojide yeri. T Klin Dermatoloji 2000; 10: 156-62<\/span><\/p><p><span style=\"color: #000000;\">Birol A, Peksar\u0131 Y. Antimikotik tedavide yenilikler. T Klin Dermatoloji 2000; 10: 62-9.<\/span><\/p><p><span style=\"color: #000000;\">Birol A, S. Bostanc\u0131, \u00dc. \u00d6lmez. Moniliasis ve seboreik dermatit nedeni ile tan\u0131 konan sistemik lupus eritematozus olgusu. T Klin Dermatoloji 2000; 10: 248-51.<\/span><\/p><p><span style=\"color: #000000;\">Anadolu R, S. Bostanc\u0131, A. Akyol, T. Oskay, A. Birol, E. G\u00fcrgey. The coexistence of pemphigus vulgaris and multiple basal cell carcinoma arising on an old radiotherapy scar. J Ankara Med School 2000; 22: 177-9.<\/span><\/p><p><span style=\"color: #000000;\">Birol A, E. Erkek, M. Ko\u00e7ak, \u00d6. Bozdo\u011fan, P. Atasoy. Eruptive syringoma. The Journal of K\u0131r\u0131kkale University Faculty of Medicine 2001; 3: 72-3.<\/span><\/p><p><span style=\"color: #000000;\">Anadolu RY, N. Kundakci N, A. Birol, \u00dc. T\u00fcrsen \u00dc. A case of Behcet`s disease with anticardiolipin antibody positiviy and cryoglobulinemia. J Ankara Med School 2001; 23: 73-6.<\/span><\/p><p><span style=\"color: #000000;\">\u015eanl\u0131 H, A. Akyol, A. Birol, A. Boyvat, E. Terzi. Sistematize verr\u00fck\u00f6z epidermal nevus. T Klin Dermatoloji 2001; 11: 42-5.<\/span><\/p><\/div>\n\t\t\t\t\t\t\t\t\t<div class=\"elementor-tab-title elementor-tab-mobile-title\" aria-selected=\"false\" data-tab=\"2\" role=\"tab\" tabindex=\"-1\" aria-controls=\"elementor-tab-content-4402\" aria-expanded=\"false\">CONFERENCE AND PANEL SPEECHES<\/div>\n\t\t\t\t\t<div id=\"elementor-tab-content-4402\" class=\"elementor-tab-content elementor-clearfix\" data-tab=\"2\" role=\"tabpanel\" aria-labelledby=\"elementor-tab-title-4402\" tabindex=\"0\" hidden=\"hidden\"><p><span style=\"color: #000000;\">Problems in melasma treatment. XVI. Prof Dr A L\u00fctfi Tat Symposium, August 31 \u2013 September 4, 2003, ANKARA<\/span><br \/><br \/><span style=\"color: #000000;\">Intravenous immunoglobulin treatment. XX1. National Dermatology Congress. 5-10 September 2006; Antalya.<\/span><br \/><br \/><span style=\"color: #000000;\">Skin Tests Used in Allergic Contact Dermatitis. II. Aegean Dermatology Days. 15-18 May 2006, Fethiye<\/span><br \/><br \/><span style=\"color: #000000;\">4. Lifestyle and Aging. International Society for Dermatologic Surgery 27th Annual Congress in cooperation with the Turkish Society for Dermatologic Surgery, August 31 \u2013 September 2, 2006, Istanbul<\/span><br \/><br \/><span style=\"color: #000000;\">Treatment alternatives in non-melanoma skin cancers. Xv\u0131\u0131\u0131. Prof Dr L\u00fctf\u00fc Tat Symposium, 6-10 November 2007; Ankara<\/span><br \/><br \/><span style=\"color: #000000;\">Innovations in Liken sclera-atrophic treatment. Developments in Dermatology Symposium, June 2007 , Istanbul<\/span><br \/><br \/><span style=\"color: #000000;\">Hereditary Nail Diseases. X\u0131X. Prof Dr A L\u00fctf\u00fc Tat Symposium, November 2009, Ankara<\/span><\/p><\/div>\n\t\t\t\t\t\t\t<\/div>\n\t\t<\/div>\n\t\t\t\t\t\t<\/div>\n\t\t\t\t<\/div>\n\t\t\t\t\t<\/div>\n\t\t<\/div>\n\t\t\t\t\t<\/div>\n\t\t<\/section>\n\t\t\t\t<\/div>","protected":false},"excerpt":{"rendered":"<p>DERMATOLOG Do\u00e7. Dr. Ahu Birol Kocaalp 1996 y\u0131l\u0131nda Hacettepe Tip Fak\u00fcltesinden mezun olduktan sonra, Ankara \u00dcniversitesinden Dermatoloji Uzmanl\u0131k E\u011fitimini ve 2005 y\u0131l\u0131nda K\u0131r\u0131kkale \u00dcniversitesinden Do\u00e7entlik unvan\u0131n\u0131 ald\u0131. E\u011fitiminin ard\u0131ndan 2018 e kadar Ac\u0131badem ve Memorial gibi T\u00fcrkiye\u2019nin \u00f6nde gelen sa\u011fl\u0131k kurulu\u015flar\u0131nda \u00e7al\u0131\u015ft\u0131. 2018 Eyl\u00fcl de a\u00e7t\u0131\u011f\u0131 \u015fu anki klini\u011finde g\u00f6n\u00fcl verdi\u011fi mesle\u011fiyle siz de\u011ferli hasta [&hellip;]<\/p>","protected":false},"author":1,"featured_media":0,"parent":0,"menu_order":4,"comment_status":"closed","ping_status":"closed","template":"","meta":{"footnotes":""},"class_list":["post-72","page","type-page","status-publish","hentry"],"_links":{"self":[{"href":"https:\/\/www.ahubirol.com\/web\/en\/wp-json\/wp\/v2\/pages\/72","targetHints":{"allow":["GET"]}}],"collection":[{"href":"https:\/\/www.ahubirol.com\/web\/en\/wp-json\/wp\/v2\/pages"}],"about":[{"href":"https:\/\/www.ahubirol.com\/web\/en\/wp-json\/wp\/v2\/types\/page"}],"author":[{"embeddable":true,"href":"https:\/\/www.ahubirol.com\/web\/en\/wp-json\/wp\/v2\/users\/1"}],"replies":[{"embeddable":true,"href":"https:\/\/www.ahubirol.com\/web\/en\/wp-json\/wp\/v2\/comments?post=72"}],"version-history":[{"count":0,"href":"https:\/\/www.ahubirol.com\/web\/en\/wp-json\/wp\/v2\/pages\/72\/revisions"}],"wp:attachment":[{"href":"https:\/\/www.ahubirol.com\/web\/en\/wp-json\/wp\/v2\/media?parent=72"}],"curies":[{"name":"wp","href":"https:\/\/api.w.org\/{rel}","templated":true}]}}