{"id":2890,"date":"2024-11-20T01:51:12","date_gmt":"2024-11-19T22:51:12","guid":{"rendered":"https:\/\/www.ahubirol.com\/web\/?page_id=2890"},"modified":"2024-11-20T01:51:12","modified_gmt":"2024-11-19T22:51:12","slug":"kadikoy-dermatolog-epilasyon-akne-yuz-dolgu-tedavi-tanitim","status":"publish","type":"page","link":"https:\/\/www.ahubirol.com\/web\/kadikoy-dermatolog-epilasyon-akne-yuz-dolgu-tedavi-tanitim\/","title":{"rendered":"Kad\u0131k\u00f6y Dermatolog Epilasyon Akne Y\u00fcz Dolgu Tedavi Tan\u0131t\u0131m"},"content":{"rendered":"<p><span style=\"font-weight: 400; color: #000000;\">Kad\u0131k\u00f6y\u2019de Dermatolojik ve Kozmetik \u00c7\u00f6z\u00fcmler \u0130\u00e7in Do\u00e7. Dr. Ahu Birol Kocaalp<\/span><\/p>\n<p><span style=\"font-weight: 400; color: #000000;\">Kad\u0131k\u00f6y, \u0130stanbul\u2019un sa\u011fl\u0131k ve estetik \u00e7\u00f6z\u00fcmler konusunda \u00f6nde gelen semtlerinden biri olup, dermatoloji uzman\u0131 Do\u00e7. Dr. Ahu Birol Kocaalp, Ba\u011fdat Caddesi\u2019nde yer alan klini\u011finde, deri hastal\u0131klar\u0131 ve kozmetik uygulamalar alan\u0131nda y\u00fcksek kaliteli hizmetler sunmaktad\u0131r.<\/span><\/p>\n<p><span style=\"color: #000000;\"><b>Tedavi Alanlar\u0131 ve Hizmetler<\/b><\/span><\/p>\n<p><span style=\"font-weight: 400; color: #000000;\">Do\u00e7. Dr. Ahu Birol Kocaalp, geni\u015f bir yelpazede dermatolojik ve kozmetik i\u015flemler ger\u00e7ekle\u015ftirmektedir:<\/span><\/p>\n<p><span style=\"font-weight: 400; color: #000000;\">Buz Lazer Epilasyon : Ac\u0131s\u0131z ve etkili bir epilasyon y\u00f6ntemi.<\/span><\/p>\n<p><span style=\"font-weight: 400; color: #000000;\">Dudak Dolgusu ve Y\u00fcz Dolgusu : Estetik g\u00f6r\u00fcn\u00fcm i\u00e7in profesyonel dokunu\u015flar.<\/span><\/p>\n<p><span style=\"font-weight: 400; color: #000000;\">Akne \u0130zi Tedavisi : Akne sonras\u0131 olu\u015fan izlerin giderilmesi i\u00e7in ki\u015fiye \u00f6zel tedaviler.<\/span><\/p>\n<p><span style=\"font-weight: 400; color: #000000;\">K\u0131rm\u0131z\u0131 Y\u00fcz Tedavisi : Ciltteki hassasiyet ve k\u0131zar\u0131kl\u0131k problemlerine \u00e7\u00f6z\u00fcmler.<\/span><\/p>\n<p><span style=\"color: #000000;\"><b>Fiyatland\u0131rma<\/b><\/span><\/p>\n<p><span style=\"font-weight: 400; color: #000000;\">Kad\u0131k\u00f6y\u2019de dermatolojik ve kozmetik i\u015flemler i\u00e7in fiyatlar, tedavi y\u00f6ntemine, i\u015flemin kapsam\u0131na ve ki\u015fisel ihtiya\u00e7lara g\u00f6re de\u011fi\u015fmektedir.<\/span><\/p>\n<p><span style=\"font-weight: 400; color: #000000;\">Buz Lazer Epilasyon Fiyatlar\u0131 : \u0130\u015flem b\u00f6lgesine ba\u011fl\u0131 olarak de\u011fi\u015fir.<\/span><\/p>\n<p><span style=\"font-weight: 400; color: #000000;\">Dudak Dolgusu Fiyatlar\u0131 : Kullan\u0131lan malzeme ve seans say\u0131s\u0131na g\u00f6re belirlenir.<\/span><\/p>\n<p><span style=\"font-weight: 400; color: #000000;\">Akne \u0130zi Tedavisi Fiyatlar\u0131 : Tedavinin s\u00fcresi ve y\u00f6nteme ba\u011fl\u0131d\u0131r.<\/span><\/p>\n<p><span style=\"color: #000000;\"><span style=\"font-weight: 400;\">K\u0131rm\u0131z\u0131 Y\u00fcz Tedavisi Fiyatlar\u0131 : Ki\u015fiye \u00f6zel planlama yap\u0131l\u0131r.<\/span><span style=\"font-weight: 400;\"><br \/>\n<\/span><span style=\"font-weight: 400;\"><br \/>\n<\/span><span style=\"font-weight: 400;\">Kad\u0131koy cildiye doktorlar\u0131 fiyatlar\u0131 nedir ?<\/span><\/span><\/p>\n<p><span style=\"font-weight: 400; color: #000000;\">Detayl\u0131 fiyat bilgisi ve tedavi planlamas\u0131 i\u00e7in Do\u00e7. Dr. Ahu Birol Kocaalp\u2019in klini\u011fiyle ileti\u015fime ge\u00e7ebilirsiniz.<\/span><\/p>\n<p>&nbsp;<\/p>\n<p><span style=\"color: #000000;\"><b>\u0130leti\u015fim ve Ula\u015f\u0131m<\/b><span style=\"font-weight: 400;\"><br \/>\n<\/span><span style=\"font-weight: 400;\">Adres : Caddebostan Mah. Kavakl\u0131 Sok. Aliye Han\u0131m Apt. No:2 D:3, Kad\u0131k\u00f6y, \u0130stanbul<\/span><span style=\"font-weight: 400;\"><br \/>\n<\/span><span style=\"font-weight: 400;\">Telefon : +90 216 350 13 33<\/span><span style=\"font-weight: 400;\"><br \/>\n<\/span><span style=\"font-weight: 400;\">Web Sitesi : <\/span><a style=\"color: #000000;\" href=\"http:\/\/www.ahubirol.com\"><span style=\"font-weight: 400;\">www.ahubirol.com<\/span><\/a><\/span><\/p>\n<p><span style=\"font-weight: 400; color: #000000;\">Kad\u0131k\u00f6y&#8217;de g\u00fcvenilir bir dermatolog ar\u0131yorsan\u0131z, estetik ve dermatolojik ihtiya\u00e7lar\u0131n\u0131za uzman yakla\u015f\u0131m\u0131yla \u00e7\u00f6z\u00fcm sunan Do\u00e7. Dr. Ahu Birol Kocaalp\u2019i ziyaret edebilirsiniz.<\/span><\/p>\n","protected":false},"excerpt":{"rendered":"<p>Kad\u0131k\u00f6y\u2019de Dermatolojik ve Kozmetik \u00c7\u00f6z\u00fcmler \u0130\u00e7in Do\u00e7. Dr. Ahu Birol Kocaalp Kad\u0131k\u00f6y, \u0130stanbul\u2019un sa\u011fl\u0131k ve estetik \u00e7\u00f6z\u00fcmler konusunda \u00f6nde gelen semtlerinden biri olup, dermatoloji uzman\u0131 Do\u00e7. Dr. Ahu Birol Kocaalp, Ba\u011fdat Caddesi\u2019nde yer alan klini\u011finde, deri hastal\u0131klar\u0131 ve kozmetik uygulamalar alan\u0131nda y\u00fcksek kaliteli hizmetler sunmaktad\u0131r. Tedavi Alanlar\u0131 ve Hizmetler Do\u00e7. Dr. Ahu Birol Kocaalp, geni\u015f [&hellip;]<\/p>\n","protected":false},"author":1,"featured_media":0,"parent":0,"menu_order":0,"comment_status":"closed","ping_status":"closed","template":"","meta":{"footnotes":""},"class_list":["post-2890","page","type-page","status-publish","hentry"],"_links":{"self":[{"href":"https:\/\/www.ahubirol.com\/web\/wp-json\/wp\/v2\/pages\/2890","targetHints":{"allow":["GET"]}}],"collection":[{"href":"https:\/\/www.ahubirol.com\/web\/wp-json\/wp\/v2\/pages"}],"about":[{"href":"https:\/\/www.ahubirol.com\/web\/wp-json\/wp\/v2\/types\/page"}],"author":[{"embeddable":true,"href":"https:\/\/www.ahubirol.com\/web\/wp-json\/wp\/v2\/users\/1"}],"replies":[{"embeddable":true,"href":"https:\/\/www.ahubirol.com\/web\/wp-json\/wp\/v2\/comments?post=2890"}],"version-history":[{"count":0,"href":"https:\/\/www.ahubirol.com\/web\/wp-json\/wp\/v2\/pages\/2890\/revisions"}],"wp:attachment":[{"href":"https:\/\/www.ahubirol.com\/web\/wp-json\/wp\/v2\/media?parent=2890"}],"curies":[{"name":"wp","href":"https:\/\/api.w.org\/{rel}","templated":true}]}}