{"id":2945,"date":"2025-11-14T13:22:57","date_gmt":"2025-11-14T10:22:57","guid":{"rendered":"https:\/\/www.ahubirol.com\/web\/?page_id=2945"},"modified":"2025-11-14T16:18:45","modified_gmt":"2025-11-14T13:18:45","slug":"uluslararasi-saglik-turizmi-yetki-belgesi","status":"publish","type":"page","link":"https:\/\/www.ahubirol.com\/web\/uluslararasi-saglik-turizmi-yetki-belgesi\/","title":{"rendered":"Uluslararas\u0131 Sa\u011fl\u0131k Turizmi Yetki Belgesi"},"content":{"rendered":"\t\t<div data-elementor-type=\"wp-page\" data-elementor-id=\"2945\" class=\"elementor elementor-2945\">\n\t\t\t\t<div class=\"elementor-element elementor-element-5c9fc0b e-flex e-con-boxed e-con e-parent\" data-id=\"5c9fc0b\" data-element_type=\"container\">\n\t\t\t\t\t<div class=\"e-con-inner\">\n\t\t<div class=\"elementor-element elementor-element-a487839 e-con-full e-flex e-con e-child\" data-id=\"a487839\" data-element_type=\"container\">\n\t\t\t\t<div class=\"elementor-element elementor-element-7146538 elementor-widget elementor-widget-text-editor\" data-id=\"7146538\" data-element_type=\"widget\" data-widget_type=\"text-editor.default\">\n\t\t\t\t<div class=\"elementor-widget-container\">\n\t\t\t\t\t\t\t\t\t<p data-start=\"429\" data-end=\"671\">T.C. Sa\u011fl\u0131k Bakanl\u0131\u011f\u0131 taraf\u0131ndan verilen <strong data-start=\"512\" data-end=\"557\">Uluslararas\u0131 Sa\u011fl\u0131k Turizmi Yetki Belgesi<\/strong>ne sahip olup, sa\u011fl\u0131k turizmi kapsam\u0131nda uluslararas\u0131 hastalara hizmet verme yetkilidir.<\/p>\n<p data-start=\"673\" data-end=\"832\">Bu belge, hem dermatolojik hem de kozmetik uygulamalarda <strong data-start=\"730\" data-end=\"804\">uluslararas\u0131 standartlara uygun, g\u00fcvenilir ve nitelikli sa\u011fl\u0131k hizmeti<\/strong> sunuldu\u011funun g\u00f6stergesidir.<\/p>\n<p data-start=\"1565\" data-end=\"1656\"><\/p>\t\t\t\t\t\t\t\t<\/div>\n\t\t\t\t<\/div>\n\t\t\t\t<\/div>\n\t\t<div class=\"elementor-element elementor-element-c89a386 e-con-full e-flex e-con e-child\" data-id=\"c89a386\" data-element_type=\"container\">\n\t\t\t\t<div class=\"elementor-element elementor-element-6bb1c7f pbmit-animation-none elementor-widget elementor-widget-image\" data-id=\"6bb1c7f\" data-element_type=\"widget\" data-widget_type=\"image.default\">\n\t\t\t\t<div class=\"elementor-widget-container\">\n\t\t\t\t\t\t\t\t\t\t\t\t\t\t\t\t<a href=\"https:\/\/www.ahubirol.com\/web\/wp-content\/uploads\/2025\/11\/ust.webp\" data-elementor-open-lightbox=\"yes\" data-elementor-lightbox-title=\"Dermatolog Do\u00e7. Dr. Ahu Birol Kocaalp - Uluslararas\u0131 Sa\u011fl\u0131k Turizmi Yetki Belgesi\" data-e-action-hash=\"#elementor-action%3Aaction%3Dlightbox%26settings%3DeyJpZCI6Mjk0NiwidXJsIjoiaHR0cHM6XC9cL3d3dy5haHViaXJvbC5jb21cL3dlYlwvd3AtY29udGVudFwvdXBsb2Fkc1wvMjAyNVwvMTFcL3VzdC53ZWJwIn0%3D\">\n\t\t\t\t\t\t\t<img fetchpriority=\"high\" decoding=\"async\" width=\"2048\" height=\"1435\" src=\"https:\/\/www.ahubirol.com\/web\/wp-content\/uploads\/2025\/11\/ust.webp\" class=\"attachment-full size-full wp-image-2946\" alt=\"\" srcset=\"https:\/\/www.ahubirol.com\/web\/wp-content\/uploads\/2025\/11\/ust.webp 2048w, https:\/\/www.ahubirol.com\/web\/wp-content\/uploads\/2025\/11\/ust-300x210.webp 300w, https:\/\/www.ahubirol.com\/web\/wp-content\/uploads\/2025\/11\/ust-1024x718.webp 1024w, https:\/\/www.ahubirol.com\/web\/wp-content\/uploads\/2025\/11\/ust-768x538.webp 768w, https:\/\/www.ahubirol.com\/web\/wp-content\/uploads\/2025\/11\/ust-1536x1076.webp 1536w, https:\/\/www.ahubirol.com\/web\/wp-content\/uploads\/2025\/11\/ust-18x12.webp 18w\" sizes=\"(max-width: 2048px) 100vw, 2048px\" \/>\t\t\t\t\t\t\t\t<\/a>\n\t\t\t\t\t\t\t\t\t\t\t\t\t\t\t<\/div>\n\t\t\t\t<\/div>\n\t\t\t\t<\/div>\n\t\t\t\t\t<\/div>\n\t\t\t\t<\/div>\n\t\t\t\t<\/div>\n\t\t","protected":false},"excerpt":{"rendered":"<p>T.C. Sa\u011fl\u0131k Bakanl\u0131\u011f\u0131 taraf\u0131ndan verilen Uluslararas\u0131 Sa\u011fl\u0131k Turizmi Yetki Belgesine sahip olup, sa\u011fl\u0131k turizmi kapsam\u0131nda uluslararas\u0131 hastalara hizmet verme yetkilidir. Bu belge, hem dermatolojik hem de kozmetik uygulamalarda uluslararas\u0131 standartlara uygun, g\u00fcvenilir ve nitelikli sa\u011fl\u0131k hizmeti sunuldu\u011funun g\u00f6stergesidir.<\/p>\n","protected":false},"author":1,"featured_media":0,"parent":0,"menu_order":0,"comment_status":"closed","ping_status":"closed","template":"","meta":{"footnotes":""},"class_list":["post-2945","page","type-page","status-publish","hentry"],"_links":{"self":[{"href":"https:\/\/www.ahubirol.com\/web\/wp-json\/wp\/v2\/pages\/2945","targetHints":{"allow":["GET"]}}],"collection":[{"href":"https:\/\/www.ahubirol.com\/web\/wp-json\/wp\/v2\/pages"}],"about":[{"href":"https:\/\/www.ahubirol.com\/web\/wp-json\/wp\/v2\/types\/page"}],"author":[{"embeddable":true,"href":"https:\/\/www.ahubirol.com\/web\/wp-json\/wp\/v2\/users\/1"}],"replies":[{"embeddable":true,"href":"https:\/\/www.ahubirol.com\/web\/wp-json\/wp\/v2\/comments?post=2945"}],"version-history":[{"count":0,"href":"https:\/\/www.ahubirol.com\/web\/wp-json\/wp\/v2\/pages\/2945\/revisions"}],"wp:attachment":[{"href":"https:\/\/www.ahubirol.com\/web\/wp-json\/wp\/v2\/media?parent=2945"}],"curies":[{"name":"wp","href":"https:\/\/api.w.org\/{rel}","templated":true}]}}